{"id":9,"date":"2018-09-22T07:56:33","date_gmt":"2018-09-22T12:56:33","guid":{"rendered":"https:\/\/www.serviciales.com\/?page_id=7"},"modified":"2018-09-22T07:56:33","modified_gmt":"2018-09-22T12:56:33","slug":"inicio","status":"publish","type":"page","link":"https:\/\/serviciales.com\/?page_id=9","title":{"rendered":"Servicios"},"content":{"rendered":"<p><script src=\"https:\/\/platform.linkedin.com\/in.js\" type=\"text\/javascript\"> lang: en_US<\/script><br \/>\n<script type=\"IN\/FollowCompany\" data-id=\"10293709\" data-counter=\"bottom\"><\/script><\/p>\n<ul>\n<li><b>Inteligencia de negocios:\u00a0 <\/b>La capacidad de tomar decisiones basadas en datos es clave para el \u00e9xito, construimos tableros de Inteligencia de Negocios, sobre la plataforma l\u00edder de Power BI, que permite visualizar y analizar datos en tiempo real a trav\u00e9s de dashboards interactivos y personalizables.<\/li>\n<\/ul>\n<ul>\n<li><b>Creaci\u00f3n de macros para conexi\u00f3n a sistemas transaccionales o ERP:\u00a0<\/b>A trav\u00e9s de macros de excel (Visual basic for aplication) construimos reportes o aplicaciones que permiten integrar la informaci\u00f3n a trav\u00e9s de excel con sus sistemas de informaci\u00f3n.<\/li>\n<\/ul>\n<ul>\n<li><b>Implementaci\u00f3n de plantas telef\u00f3nicas VOZIP:\u00a0<\/b>Utilizando la plataforma Asterisk &#8211; Elastix &#8211; Issabel de uso libre instalamos, configuramos y brindamos servicios de VOZ IP para que su empresa ahorre costos.<\/li>\n<\/ul>\n<ul>\n<li><b>Atenci\u00f3n Integral a sus recursos de hardware<\/b>: Contamos con un equipo de t\u00e9cnicos altamente calificado en la reparaci\u00f3n y mantenimiento de computadores, el cual est\u00e1 dispuesto a atender sus requerimientos elaborando un excelente diagn\u00f3stico y la mejor propuesta de soluci\u00f3n en forma r\u00e1pida y precisa.<\/li>\n<\/ul>\n<ul>\n<li><b>lmplementaci\u00f3n de nuevas soluciones tecnol\u00f3gicas<\/b>:\u00a0\u00a0\u00a0Ofrecemos a todos nuestros usuarios el dise\u00f1o, implementaci\u00f3n y montaje de redes de computadores.<\/li>\n<\/ul>\n<ul>\n<li><b>Construcci\u00f3n de programas a su medida<\/b>:\u00a0\u00a0\u00a0\u00a0\u00a0\u00a0\u00a0\u00a0\u00a0\u00a0Dise\u00f1amos y elaboramos los programas de computador que usted necesita utilizando herramientas para ambiente Windows. Le asesoramos en el dise\u00f1o e implementaci\u00f3n de p\u00e1ginas web.<\/li>\n<\/ul>\n<div><\/div>\n","protected":false},"excerpt":{"rendered":"<p>Inteligencia de negocios:\u00a0 La capacidad de tomar decisiones basadas en datos es clave para el \u00e9xito, construimos tableros de Inteligencia de Negocios, sobre la plataforma l\u00edder de Power BI, que permite visualizar y analizar datos en tiempo real a trav\u00e9s de dashboards interactivos y personalizables. Creaci\u00f3n de macros para conexi\u00f3n a sistemas transaccionales o ERP:\u00a0A [&hellip;]<\/p>\n","protected":false},"author":2,"featured_media":0,"parent":0,"menu_order":0,"comment_status":"closed","ping_status":"closed","template":"","meta":{"footnotes":""},"class_list":["post-9","page","type-page","status-publish","hentry"],"_links":{"self":[{"href":"https:\/\/serviciales.com\/index.php?rest_route=\/wp\/v2\/pages\/9","targetHints":{"allow":["GET"]}}],"collection":[{"href":"https:\/\/serviciales.com\/index.php?rest_route=\/wp\/v2\/pages"}],"about":[{"href":"https:\/\/serviciales.com\/index.php?rest_route=\/wp\/v2\/types\/page"}],"author":[{"embeddable":true,"href":"https:\/\/serviciales.com\/index.php?rest_route=\/wp\/v2\/users\/2"}],"replies":[{"embeddable":true,"href":"https:\/\/serviciales.com\/index.php?rest_route=%2Fwp%2Fv2%2Fcomments&post=9"}],"version-history":[{"count":0,"href":"https:\/\/serviciales.com\/index.php?rest_route=\/wp\/v2\/pages\/9\/revisions"}],"wp:attachment":[{"href":"https:\/\/serviciales.com\/index.php?rest_route=%2Fwp%2Fv2%2Fmedia&parent=9"}],"curies":[{"name":"wp","href":"https:\/\/api.w.org\/{rel}","templated":true}]}}