{"id":8,"date":"2018-03-30T23:06:32","date_gmt":"2018-03-30T23:06:32","guid":{"rendered":"http:\/\/www.serviciales.com\/?page_id=2"},"modified":"2018-03-30T23:06:32","modified_gmt":"2018-03-30T23:06:32","slug":"clientes","status":"publish","type":"page","link":"https:\/\/serviciales.com\/?page_id=8","title":{"rendered":"Clientes"},"content":{"rendered":"<div>\n<p>Gracias a la responsabilidad y compromiso con el cual\u00a0<b>Serviciales.com<\/b>\u00a0atiende a sus clientes, han confiado en nosotros particulares y empresas como:<\/p>\n<\/div>\n<ul>\n<li><a href=\"http:\/\/www.adh.com.co\/\" target=\"_blank\" rel=\"nofollow noopener\">ADH Papeles y Adhesivos\u00a0<\/a><\/li>\n<\/ul>\n<ul>\n<li><a href=\"https:\/\/www.institutodecoloproctologia.com\/\" target=\"_blank\" rel=\"noopener\">Instituto de Coloproctolog\u00eda<\/a><\/li>\n<\/ul>\n<ul>\n<li><a href=\"http:\/\/www.cgtr.edu.co\/\" target=\"_blank\" rel=\"noopener\">Colegio Guillermo Taborda Restrepo<\/a><\/li>\n<\/ul>\n<ul>\n<li><a style=\"font-size: revert;\" href=\"http:\/\/www.amin.com.co\/\" target=\"_blank\" rel=\"noopener\">Andina de Materiales Industriales<\/a><\/li>\n<\/ul>\n<ul>\n<li><a href=\"http:\/\/www.giraldoherreraabogados.com\/\" target=\"_blank\" rel=\"nofollow noopener\">Giraldo Herrera Abogados<\/a><\/li>\n<\/ul>\n<ul>\n<li><a href=\"https:\/\/masvisionmedellin.co\/\" target=\"_blank\" rel=\"nofollow noopener\">Mas Visi\u00f3n<\/a><\/li>\n<\/ul>\n<ul>\n<li><a href=\"http:\/\/www.colchonesfantasia.com\/\" target=\"_blank\" rel=\"nofollow noopener\">Colchones Fantasia<\/a><\/li>\n<\/ul>\n<ul>\n<li>Mayortex Ltda<\/li>\n<\/ul>\n<ul>\n<li><a href=\"http:\/\/www.dinamicaips.com.co\/\" target=\"_blank\" rel=\"noopener\">Din\u00e1mica IPS<\/a><\/li>\n<\/ul>\n<ul>\n<li><a href=\"http:\/\/www.vedelivers.com\/\" target=\"_blank\" rel=\"noopener\">Ve Group S.A.S.<\/a><\/li>\n<\/ul>\n<ul>\n<li><a href=\"http:\/\/www.atlnacional.com.co\/\" target=\"_blank\" rel=\"nofollow noopener\">Corporaci\u00f3n Deportiva Atl\u00e9tico Nacional \u00a0<\/a><\/li>\n<\/ul>\n","protected":false},"excerpt":{"rendered":"<p>Gracias a la responsabilidad y compromiso con el cual\u00a0Serviciales.com\u00a0atiende a sus clientes, han confiado en nosotros particulares y empresas como: ADH Papeles y Adhesivos\u00a0 Instituto de Coloproctolog\u00eda Colegio Guillermo Taborda Restrepo Andina de Materiales Industriales Giraldo Herrera Abogados Mas Visi\u00f3n Colchones Fantasia Mayortex Ltda Din\u00e1mica IPS Ve Group S.A.S. Corporaci\u00f3n Deportiva Atl\u00e9tico Nacional \u00a0<\/p>\n","protected":false},"author":2,"featured_media":0,"parent":0,"menu_order":0,"comment_status":"closed","ping_status":"open","template":"","meta":{"footnotes":""},"class_list":["post-8","page","type-page","status-publish","hentry"],"_links":{"self":[{"href":"https:\/\/serviciales.com\/index.php?rest_route=\/wp\/v2\/pages\/8","targetHints":{"allow":["GET"]}}],"collection":[{"href":"https:\/\/serviciales.com\/index.php?rest_route=\/wp\/v2\/pages"}],"about":[{"href":"https:\/\/serviciales.com\/index.php?rest_route=\/wp\/v2\/types\/page"}],"author":[{"embeddable":true,"href":"https:\/\/serviciales.com\/index.php?rest_route=\/wp\/v2\/users\/2"}],"replies":[{"embeddable":true,"href":"https:\/\/serviciales.com\/index.php?rest_route=%2Fwp%2Fv2%2Fcomments&post=8"}],"version-history":[{"count":0,"href":"https:\/\/serviciales.com\/index.php?rest_route=\/wp\/v2\/pages\/8\/revisions"}],"wp:attachment":[{"href":"https:\/\/serviciales.com\/index.php?rest_route=%2Fwp%2Fv2%2Fmedia&parent=8"}],"curies":[{"name":"wp","href":"https:\/\/api.w.org\/{rel}","templated":true}]}}